{"id":78,"date":"2026-01-24T16:45:10","date_gmt":"2026-01-24T16:45:10","guid":{"rendered":"https:\/\/www.byp-media.de\/?page_id=78"},"modified":"2026-01-25T11:33:56","modified_gmt":"2026-01-25T11:33:56","slug":"78-2","status":"publish","type":"page","link":"https:\/\/www.byp-media.de\/index.php\/78-2\/","title":{"rendered":"\u00dcber uns und unser Team"},"content":{"rendered":"\n<div class=\"wp-block-group alignfull has-background has-global-padding is-layout-constrained wp-container-core-group-is-layout-669513ed wp-block-group-is-layout-constrained\" style=\"background:linear-gradient(180deg,rgb(0,0,0) 0%,rgb(0,116,120) 100%);margin-top:0;margin-bottom:0;padding-top:var(--wp--preset--spacing--50);padding-right:var(--wp--preset--spacing--50);padding-bottom:var(--wp--preset--spacing--50);padding-left:var(--wp--preset--spacing--50)\">\n<div class=\"wp-block-group alignwide is-vertical is-content-justification-center is-layout-flex wp-container-core-group-is-layout-ce155fab wp-block-group-is-layout-flex\">\n<p class=\"has-text-align-center\">Wir sind Benjamin Beyertt und Maximilian Palzer \u2013 und BYP Media ist mehr als nur ein Firmenname. Es ist die Zusammensetzung unserer beiden Nachnamen und steht f\u00fcr unsere gemeinsame Vision: Unternehmen dabei zu helfen, im digitalen Raum sichtbar zu werden. Alles begann mit einer einfachen Beobachtung. Wir sahen immer wieder gro\u00dfartige Unternehmen mit brillanten Produkten und Dienstleistungen, die jedoch online kaum wahrgenommen wurden. Unternehmen, die das Potenzial hatten, erfolgreich zu sein \u2013 aber denen die digitale Reichweite fehlte, um ihre Zielgruppe zu erreichen. \u201eWarum nutzen wir nicht unser Know-how, um genau das zu \u00e4ndern?&#8220;, fragten wir uns eines Abends. Wir beide kannten die Herausforderungen des digitalen Marketings aus eigener Erfahrung: st\u00e4ndig wechselnde Algorithmen, \u00fcbers\u00e4ttigte Plattformen und Unternehmen, die nicht wissen, wo sie anfangen sollen. Gleichzeitig wussten wir aber auch, dass mit der richtigen Strategie, kreativen Ideen und datengetriebenen Entscheidungen jedes Business online erfolgreich sein kann. So entstand BYP Media \u2013 aus unserer gemeinsamen Leidenschaft f\u00fcr digitales Marketing und dem Wunsch, anderen Unternehmen zu echtem Wachstum zu verhelfen.<\/p>\n<\/div>\n\n\n\n<div style=\"height:var(--wp--preset--spacing--30)\" aria-hidden=\"true\" class=\"wp-block-spacer\"><\/div>\n\n\n\n<div class=\"wp-block-columns alignwide is-layout-flex wp-container-core-columns-is-layout-4935966c wp-block-columns-is-layout-flex\" style=\"padding-right:0;padding-left:0\">\n<div class=\"wp-block-column is-layout-flow wp-block-column-is-layout-flow\">\n<figure class=\"wp-block-image size-full has-custom-border is-style-rounded is-style-rounded--1\"><img loading=\"lazy\" decoding=\"async\" width=\"612\" height=\"612\" src=\"https:\/\/www.byp-media.de\/wp-content\/uploads\/2026\/01\/c246e6d4-0a33-41d3-b59a-3c5c55fd0d15.png\" alt=\"\" class=\"wp-image-140\" style=\"border-top-left-radius:100px;border-top-right-radius:100px;border-bottom-left-radius:100px;border-bottom-right-radius:100px;aspect-ratio:1;object-fit:cover\" srcset=\"https:\/\/www.byp-media.de\/wp-content\/uploads\/2026\/01\/c246e6d4-0a33-41d3-b59a-3c5c55fd0d15.png 612w, https:\/\/www.byp-media.de\/wp-content\/uploads\/2026\/01\/c246e6d4-0a33-41d3-b59a-3c5c55fd0d15-300x300.png 300w, https:\/\/www.byp-media.de\/wp-content\/uploads\/2026\/01\/c246e6d4-0a33-41d3-b59a-3c5c55fd0d15-150x150.png 150w\" sizes=\"auto, (max-width: 612px) 100vw, 612px\" \/><\/figure>\n\n\n\n<div class=\"wp-block-group is-vertical is-content-justification-center is-nowrap is-layout-flex wp-container-core-group-is-layout-21d4e958 wp-block-group-is-layout-flex\">\n<p class=\"has-text-align-center has-small-font-size\"><strong>Emil Hauser<\/strong><\/p>\n\n\n\n<p class=\"has-text-align-center has-small-font-size\">Manager, Videocutter<\/p>\n<\/div>\n<\/div>\n\n\n\n<div class=\"wp-block-column is-layout-flow wp-block-column-is-layout-flow\">\n<figure class=\"wp-block-image size-full has-custom-border is-style-rounded is-style-rounded--2\"><img loading=\"lazy\" decoding=\"async\" width=\"612\" height=\"612\" src=\"https:\/\/www.byp-media.de\/wp-content\/uploads\/2026\/01\/c246e6d4-0a33-41d3-b59a-3c5c55fd0d15-1.png\" alt=\"\" class=\"wp-image-141\" style=\"border-top-left-radius:100px;border-top-right-radius:100px;border-bottom-left-radius:100px;border-bottom-right-radius:100px;aspect-ratio:1;object-fit:cover\" srcset=\"https:\/\/www.byp-media.de\/wp-content\/uploads\/2026\/01\/c246e6d4-0a33-41d3-b59a-3c5c55fd0d15-1.png 612w, https:\/\/www.byp-media.de\/wp-content\/uploads\/2026\/01\/c246e6d4-0a33-41d3-b59a-3c5c55fd0d15-1-300x300.png 300w, https:\/\/www.byp-media.de\/wp-content\/uploads\/2026\/01\/c246e6d4-0a33-41d3-b59a-3c5c55fd0d15-1-150x150.png 150w\" sizes=\"auto, (max-width: 612px) 100vw, 612px\" \/><\/figure>\n\n\n\n<div class=\"wp-block-group is-vertical is-content-justification-center is-nowrap is-layout-flex wp-container-core-group-is-layout-63bfd6c1 wp-block-group-is-layout-flex\">\n<p class=\"has-text-align-center has-small-font-size\"><strong>Benjamin Beyertt<\/strong><\/p>\n\n\n\n<p class=\"has-text-align-center has-small-font-size\">Gr\u00fcnder, CEO<\/p>\n<\/div>\n<\/div>\n\n\n\n<div class=\"wp-block-column is-layout-flow wp-block-column-is-layout-flow\">\n<figure class=\"wp-block-image size-full has-custom-border is-style-rounded is-style-rounded--3\" style=\"margin-top:0;margin-right:0;margin-bottom:0;margin-left:0\"><img loading=\"lazy\" decoding=\"async\" width=\"612\" height=\"612\" src=\"https:\/\/www.byp-media.de\/wp-content\/uploads\/2026\/01\/c246e6d4-0a33-41d3-b59a-3c5c55fd0d15-2.png\" alt=\"\" class=\"wp-image-142\" style=\"border-top-left-radius:100px;border-top-right-radius:100px;border-bottom-left-radius:100px;border-bottom-right-radius:100px;aspect-ratio:1;object-fit:cover\" srcset=\"https:\/\/www.byp-media.de\/wp-content\/uploads\/2026\/01\/c246e6d4-0a33-41d3-b59a-3c5c55fd0d15-2.png 612w, https:\/\/www.byp-media.de\/wp-content\/uploads\/2026\/01\/c246e6d4-0a33-41d3-b59a-3c5c55fd0d15-2-300x300.png 300w, https:\/\/www.byp-media.de\/wp-content\/uploads\/2026\/01\/c246e6d4-0a33-41d3-b59a-3c5c55fd0d15-2-150x150.png 150w\" sizes=\"auto, (max-width: 612px) 100vw, 612px\" \/><\/figure>\n\n\n\n<div class=\"wp-block-group is-vertical is-content-justification-center is-nowrap is-layout-flex wp-container-core-group-is-layout-63bfd6c1 wp-block-group-is-layout-flex\">\n<p class=\"has-text-align-center has-small-font-size\"><strong>Maximilian Palzer<\/strong><\/p>\n\n\n\n<p class=\"has-text-align-center has-small-font-size\">Gr\u00fcnder, CEO<\/p>\n<\/div>\n<\/div>\n\n\n\n<div class=\"wp-block-column is-layout-flow wp-block-column-is-layout-flow\">\n<figure class=\"wp-block-image size-full has-custom-border is-style-rounded is-style-rounded--4\"><img loading=\"lazy\" decoding=\"async\" width=\"612\" height=\"612\" src=\"https:\/\/www.byp-media.de\/wp-content\/uploads\/2026\/01\/c246e6d4-0a33-41d3-b59a-3c5c55fd0d15-3.png\" alt=\"\" class=\"wp-image-143\" style=\"border-style:none;border-width:0px;border-top-left-radius:100px;border-top-right-radius:100px;border-bottom-left-radius:100px;border-bottom-right-radius:100px;aspect-ratio:1;object-fit:cover\" srcset=\"https:\/\/www.byp-media.de\/wp-content\/uploads\/2026\/01\/c246e6d4-0a33-41d3-b59a-3c5c55fd0d15-3.png 612w, https:\/\/www.byp-media.de\/wp-content\/uploads\/2026\/01\/c246e6d4-0a33-41d3-b59a-3c5c55fd0d15-3-300x300.png 300w, https:\/\/www.byp-media.de\/wp-content\/uploads\/2026\/01\/c246e6d4-0a33-41d3-b59a-3c5c55fd0d15-3-150x150.png 150w\" sizes=\"auto, (max-width: 612px) 100vw, 612px\" \/><\/figure>\n\n\n\n<div class=\"wp-block-group is-vertical is-content-justification-center is-nowrap is-layout-flex wp-container-core-group-is-layout-21d4e958 wp-block-group-is-layout-flex\">\n<p class=\"has-text-align-center has-small-font-size\"><strong>Jan L\u00f6ffler<\/strong><\/p>\n\n\n\n<p class=\"has-text-align-center has-small-font-size\">Manager, Rechtsabteilung<\/p>\n<\/div>\n<\/div>\n<\/div>\n<\/div>\n","protected":false},"excerpt":{"rendered":"<p>Wir sind Benjamin Beyertt und Maximilian Palzer \u2013 und BYP Media ist mehr als nur ein Firmenname. Es ist die Zusammensetzung unserer beiden Nachnamen und steht f\u00fcr unsere gemeinsame Vision: Unternehmen dabei zu helfen, im digitalen Raum sichtbar zu werden. Alles begann mit einer einfachen Beobachtung. Wir sahen immer wieder gro\u00dfartige Unternehmen mit brillanten Produkten [&hellip;]<\/p>\n","protected":false},"author":1,"featured_media":0,"parent":0,"menu_order":0,"comment_status":"closed","ping_status":"closed","template":"","meta":{"footnotes":""},"class_list":["post-78","page","type-page","status-publish","hentry"],"_links":{"self":[{"href":"https:\/\/www.byp-media.de\/index.php\/wp-json\/wp\/v2\/pages\/78","targetHints":{"allow":["GET"]}}],"collection":[{"href":"https:\/\/www.byp-media.de\/index.php\/wp-json\/wp\/v2\/pages"}],"about":[{"href":"https:\/\/www.byp-media.de\/index.php\/wp-json\/wp\/v2\/types\/page"}],"author":[{"embeddable":true,"href":"https:\/\/www.byp-media.de\/index.php\/wp-json\/wp\/v2\/users\/1"}],"replies":[{"embeddable":true,"href":"https:\/\/www.byp-media.de\/index.php\/wp-json\/wp\/v2\/comments?post=78"}],"version-history":[{"count":4,"href":"https:\/\/www.byp-media.de\/index.php\/wp-json\/wp\/v2\/pages\/78\/revisions"}],"predecessor-version":[{"id":145,"href":"https:\/\/www.byp-media.de\/index.php\/wp-json\/wp\/v2\/pages\/78\/revisions\/145"}],"wp:attachment":[{"href":"https:\/\/www.byp-media.de\/index.php\/wp-json\/wp\/v2\/media?parent=78"}],"curies":[{"name":"wp","href":"https:\/\/api.w.org\/{rel}","templated":true}]}}